{"id":183,"date":"2021-03-22T16:47:45","date_gmt":"2021-03-22T16:47:45","guid":{"rendered":"https:\/\/dariahabicher.com\/?page_id=183"},"modified":"2023-04-04T15:56:16","modified_gmt":"2023-04-04T15:56:16","slug":"daria","status":"publish","type":"page","link":"https:\/\/dariahabicher.com\/it\/daria\/","title":{"rendered":"Daria"},"content":{"rendered":"<div data-elementor-type=\"wp-page\" data-elementor-id=\"183\" class=\"elementor elementor-183\" data-elementor-post-type=\"page\">\n\t\t\t\t\t\t\t\t\t<section class=\"elementor-section elementor-top-section elementor-element elementor-element-3ee38272 elementor-section-full_width elementor-section-content-top elementor-section-stretched elementor-section-height-default elementor-section-height-default\" data-id=\"3ee38272\" data-element_type=\"section\" data-settings=\"{&quot;background_background&quot;:&quot;classic&quot;,&quot;stretch_section&quot;:&quot;section-stretched&quot;}\">\n\t\t\t\t\t\t\t<div class=\"elementor-background-overlay\"><\/div>\n\t\t\t\t\t\t\t<div class=\"elementor-container elementor-column-gap-no\">\n\t\t\t\t\t<div class=\"elementor-column elementor-col-100 elementor-top-column elementor-element elementor-element-574b96ab\" data-id=\"574b96ab\" data-element_type=\"column\" data-settings=\"{&quot;background_background&quot;:&quot;classic&quot;}\">\n\t\t\t<div class=\"elementor-widget-wrap elementor-element-populated\">\n\t\t\t\t\t\t\t\t<div class=\"elementor-element elementor-element-5183ea7d elementor-widget elementor-widget-image\" data-id=\"5183ea7d\" data-element_type=\"widget\" data-widget_type=\"image.default\">\n\t\t\t\t<div class=\"elementor-widget-container\">\n\t\t\t\t\t\t\t\t\t\t\t\t\t\t\t<img loading=\"lazy\" decoding=\"async\" width=\"2032\" height=\"2033\" src=\"https:\/\/dariahabicher.com\/wp-content\/uploads\/2021\/03\/2019-Daria-Habicher_Center-for-Advanced-Studies-6_3-1.jpg\" class=\"attachment-2048x2048 size-2048x2048 wp-image-185\" alt=\"\" srcset=\"https:\/\/dariahabicher.com\/wp-content\/uploads\/2021\/03\/2019-Daria-Habicher_Center-for-Advanced-Studies-6_3-1.jpg 2032w, https:\/\/dariahabicher.com\/wp-content\/uploads\/2021\/03\/2019-Daria-Habicher_Center-for-Advanced-Studies-6_3-1-300x300.jpg 300w, https:\/\/dariahabicher.com\/wp-content\/uploads\/2021\/03\/2019-Daria-Habicher_Center-for-Advanced-Studies-6_3-1-1024x1024.jpg 1024w, https:\/\/dariahabicher.com\/wp-content\/uploads\/2021\/03\/2019-Daria-Habicher_Center-for-Advanced-Studies-6_3-1-150x150.jpg 150w, https:\/\/dariahabicher.com\/wp-content\/uploads\/2021\/03\/2019-Daria-Habicher_Center-for-Advanced-Studies-6_3-1-768x768.jpg 768w, https:\/\/dariahabicher.com\/wp-content\/uploads\/2021\/03\/2019-Daria-Habicher_Center-for-Advanced-Studies-6_3-1-1536x1536.jpg 1536w, https:\/\/dariahabicher.com\/wp-content\/uploads\/2021\/03\/2019-Daria-Habicher_Center-for-Advanced-Studies-6_3-1-12x12.jpg 12w\" sizes=\"auto, (max-width: 2032px) 100vw, 2032px\" \/>\t\t\t\t\t\t\t\t\t\t\t\t\t\t\t<\/div>\n\t\t\t\t<\/div>\n\t\t\t\t<div class=\"elementor-element elementor-element-69beac24 elementor-widget elementor-widget-text-editor\" data-id=\"69beac24\" data-element_type=\"widget\" data-widget_type=\"text-editor.default\">\n\t\t\t\t<div class=\"elementor-widget-container\">\n\t\t\t\t\t\t\t<p class=\"p1\">Cosa ha a che fare lo sviluppo sostenibile istituzionale, regionale o sociale con la subacquea?<\/p>\t\t\t\t\t\t<\/div>\n\t\t\t\t<\/div>\n\t\t\t\t\t<\/div>\n\t\t<\/div>\n\t\t\t\t\t\t\t<\/div>\n\t\t<\/section>\n\t\t\t\t<section class=\"elementor-section elementor-inner-section elementor-element elementor-element-bc3be5e elementor-section-full_width elementor-section-height-default elementor-section-height-default\" data-id=\"bc3be5e\" data-element_type=\"section\" data-settings=\"{&quot;background_background&quot;:&quot;classic&quot;}\">\n\t\t\t\t\t\t<div class=\"elementor-container elementor-column-gap-narrow\">\n\t\t\t\t\t<div class=\"elementor-column elementor-col-50 elementor-inner-column elementor-element elementor-element-355dabe6\" data-id=\"355dabe6\" data-element_type=\"column\">\n\t\t\t<div class=\"elementor-widget-wrap elementor-element-populated\">\n\t\t\t\t\t\t\t\t<div class=\"elementor-element elementor-element-5e5732af elementor-widget elementor-widget-text-editor\" data-id=\"5e5732af\" data-element_type=\"widget\" data-widget_type=\"text-editor.default\">\n\t\t\t\t<div class=\"elementor-widget-container\">\n\t\t\t\t\t\t\t<p>Fin da bambina ho avuto due passioni: filosofare e discutere del mondo, e il fascino e la passione per il mare.<\/p><p>\u00a0<\/p><p>Dopo il diploma di scuola superiore, mi sono posta la seguente domanda: biologia marina o scienze politiche? Alla fine ho scelto quest\u2019ultimo corso di studi e lo rifarei pure oggi. Ottenuta la laurea presso l\u2019Universit\u00e0 di Vienna, ho preso una \u00abpausa di orientamento\u00bb, che si \u00e8 rivelata la migliore lacuna del mio curriculum. Durante quell\u2019anno ho speso molti mesi per formarmi come <a href=\"https:\/\/www.padi.com\/it\/corsi\/divemaster\" target=\"_blank\" rel=\"noopener\">PADI Dive Master,<\/a> cio\u00e8 come guida subacquea. Improvvisamente il mare era di nuovo cos\u00ec vicino. Tuttavia, dopo mesi di lavoro fisico, mi mancava la sfida mentale, cos\u00ec ho ripreso gli studi iscrivendomi alla magistrale in socioeconomia con un focus sulla sostenibilit\u00e0 all\u2019Universit\u00e0 di Economia e Commercio di Vienna.<\/p><p>\u00a0<\/p><p>Nel 2019 mi sono laureata e quasi contemporaneamente ho superato l'esame <a href=\"https:\/\/www.padi.com\/it\/corsi\/open-water-scuba-instructor\">Open Water Scuba Instructor.<\/a>Da allora lavoro in parallelo su vari progetti, per lo pi\u00f9 scientifici e applicati, relativi a questioni di sostenibilit\u00e0, alla trasformazione socio ecologica di organizzazioni e regioni.<\/p>\t\t\t\t\t\t<\/div>\n\t\t\t\t<\/div>\n\t\t\t\t<div class=\"elementor-element elementor-element-5776ced elementor-widget elementor-widget-spacer\" data-id=\"5776ced\" data-element_type=\"widget\" data-widget_type=\"spacer.default\">\n\t\t\t\t<div class=\"elementor-widget-container\">\n\t\t\t\t\t<div class=\"elementor-spacer\">\n\t\t\t<div class=\"elementor-spacer-inner\"><\/div>\n\t\t<\/div>\n\t\t\t\t<\/div>\n\t\t\t\t<\/div>\n\t\t\t\t\t<\/div>\n\t\t<\/div>\n\t\t\t\t<div class=\"elementor-column elementor-col-50 elementor-inner-column elementor-element elementor-element-613338b8\" data-id=\"613338b8\" data-element_type=\"column\">\n\t\t\t<div class=\"elementor-widget-wrap elementor-element-populated\">\n\t\t\t\t\t\t\t\t<div class=\"elementor-element elementor-element-7e852f53 elementor-widget elementor-widget-text-editor\" data-id=\"7e852f53\" data-element_type=\"widget\" data-widget_type=\"text-editor.default\">\n\t\t\t\t<div class=\"elementor-widget-container\">\n\t\t\t\t\t\t\t<p>Durante gli anni 2017-2022 ho lavorato presso <a href=\"https:\/\/www.eurac.edu\/it\/institutes-centers\/istituto-per-lo-sviluppo-regionale\">l'Istituto per lo Sviluppo Regionale<\/a> e successivamente presso il <a href=\"https:\/\/www.eurac.edu\/it\/institutes-centers\/center-for-advanced-studies\">Center for Advanced Studies<\/a> di <a href=\"https:\/\/www.eurac.edu\/it\">Eurac Research.<\/a> Dal 2019 mi occupo anche di progetti - supporto ai processi, formazione, seminari, ecc. - come socio-economista indipendente. In pi\u00f9, nell'anno 2022 \u00e8 nato il <a href=\"https:\/\/www.lia-collective.com\">LIA Collective<\/a>&nbsp;che si considera come collettivo giovane e interdisciplinare che stimola e accompagna vari processi di trasformazione sia aziendali che spaziale.<\/p>\n<p><\/p>\n<p>Al di l\u00e0 delle mie attivit\u00e0 \"sulla terra\" cerco di trasmettere la mia passione per il mondo sottacqueo a persone curiose. Le mie lezioni di immersione includono sessioni di prova per i principianti, nonch\u00e9 corsi avanzati di formazione e istruzione subacquee.&nbsp;<\/p>\n<p><\/p>\n<p>Attraverso le mie attivit\u00e0 cerco di contribuire allo sviluppo sostenibile sia sulla terra che sott\u2019acqua. Questa \u00e8 la mia passione, la mia spinta, il mio lavoro.<\/p>\t\t\t\t\t\t<\/div>\n\t\t\t\t<\/div>\n\t\t\t\t\t<\/div>\n\t\t<\/div>\n\t\t\t\t\t\t\t<\/div>\n\t\t<\/section>\n\t\t\t\t\t\t\t<\/div>","protected":false},"excerpt":{"rendered":"<p>Was hat eine nachhaltige Organisations-, Regional- oder Gesellschaftsentwicklung mit dem Tauchsport zu tun? Schon seit meiner Kindheit trage ich zwei Leidenschaften in mir: das Philosophieren und Diskutieren \u00fcber die Welt genauso wie die Faszination und Passion f\u00fcr das Meer. Nach dem Schulabschluss stellte sich die Frage: Meeresbiologie oder Politikwissenschaft? Am Ende entschied ich mich f\u00fcr [&hellip;]<\/p>","protected":false},"author":1,"featured_media":0,"parent":0,"menu_order":0,"comment_status":"closed","ping_status":"closed","template":"","meta":{"footnotes":""},"class_list":["post-183","page","type-page","status-publish","hentry"],"aioseo_notices":[],"_links":{"self":[{"href":"https:\/\/dariahabicher.com\/it\/wp-json\/wp\/v2\/pages\/183","targetHints":{"allow":["GET"]}}],"collection":[{"href":"https:\/\/dariahabicher.com\/it\/wp-json\/wp\/v2\/pages"}],"about":[{"href":"https:\/\/dariahabicher.com\/it\/wp-json\/wp\/v2\/types\/page"}],"author":[{"embeddable":true,"href":"https:\/\/dariahabicher.com\/it\/wp-json\/wp\/v2\/users\/1"}],"replies":[{"embeddable":true,"href":"https:\/\/dariahabicher.com\/it\/wp-json\/wp\/v2\/comments?post=183"}],"version-history":[{"count":133,"href":"https:\/\/dariahabicher.com\/it\/wp-json\/wp\/v2\/pages\/183\/revisions"}],"predecessor-version":[{"id":2150,"href":"https:\/\/dariahabicher.com\/it\/wp-json\/wp\/v2\/pages\/183\/revisions\/2150"}],"wp:attachment":[{"href":"https:\/\/dariahabicher.com\/it\/wp-json\/wp\/v2\/media?parent=183"}],"curies":[{"name":"wp","href":"https:\/\/api.w.org\/{rel}","templated":true}]}}