{"id":1762,"date":"2021-03-31T08:40:30","date_gmt":"2021-03-31T08:40:30","guid":{"rendered":"https:\/\/dariahabicher.com\/?page_id=1762"},"modified":"2021-04-02T14:16:11","modified_gmt":"2021-04-02T14:16:11","slug":"privacy-policy","status":"publish","type":"page","link":"https:\/\/dariahabicher.com\/it\/privacy-policy\/","title":{"rendered":"Datenschutzerkl\u00e4rung"},"content":{"rendered":"<div data-elementor-type=\"wp-page\" data-elementor-id=\"1762\" class=\"elementor elementor-1762\" data-elementor-post-type=\"page\">\n\t\t\t\t\t\t\t\t\t<section class=\"elementor-section elementor-top-section elementor-element elementor-element-5f80de2a elementor-section-full_width elementor-section-height-min-height elementor-section-items-top elementor-section-height-default\" data-id=\"5f80de2a\" data-element_type=\"section\" data-settings=\"{&quot;background_background&quot;:&quot;classic&quot;}\">\n\t\t\t\t\t\t\t<div class=\"elementor-background-overlay\"><\/div>\n\t\t\t\t\t\t\t<div class=\"elementor-container elementor-column-gap-no\">\n\t\t\t\t\t<div class=\"elementor-column elementor-col-100 elementor-top-column elementor-element elementor-element-4e78d2e\" data-id=\"4e78d2e\" data-element_type=\"column\">\n\t\t\t<div class=\"elementor-widget-wrap elementor-element-populated\">\n\t\t\t\t\t\t\t\t<div class=\"elementor-element elementor-element-731f5f96 elementor-widget elementor-widget-text-editor\" data-id=\"731f5f96\" data-element_type=\"widget\" data-widget_type=\"text-editor.default\">\n\t\t\t\t<div class=\"elementor-widget-container\">\n\t\t\t\t\t\t\t<p>PRIVACY POLICY<\/p>\t\t\t\t\t\t<\/div>\n\t\t\t\t<\/div>\n\t\t\t\t<section class=\"elementor-section elementor-inner-section elementor-element elementor-element-7b569555 elementor-section-full_width elementor-section-height-default elementor-section-height-default\" data-id=\"7b569555\" data-element_type=\"section\">\n\t\t\t\t\t\t<div class=\"elementor-container elementor-column-gap-no\">\n\t\t\t\t\t<div class=\"elementor-column elementor-col-100 elementor-inner-column elementor-element elementor-element-458d019c\" data-id=\"458d019c\" data-element_type=\"column\">\n\t\t\t<div class=\"elementor-widget-wrap elementor-element-populated\">\n\t\t\t\t\t\t\t\t<div class=\"elementor-element elementor-element-67d197c2 elementor-widget elementor-widget-text-editor\" data-id=\"67d197c2\" data-element_type=\"widget\" data-widget_type=\"text-editor.default\">\n\t\t\t\t<div class=\"elementor-widget-container\">\n\t\t\t\t\t\t\t<p>1. LA PROTEZIONE DEI DATI IN SINTESI<\/p>\t\t\t\t\t\t<\/div>\n\t\t\t\t<\/div>\n\t\t\t\t<div class=\"elementor-element elementor-element-3ac7f6a elementor-widget elementor-widget-text-editor\" data-id=\"3ac7f6a\" data-element_type=\"widget\" data-widget_type=\"text-editor.default\">\n\t\t\t\t<div class=\"elementor-widget-container\">\n\t\t\t\t\t\t\t<p>La protezione dei suoi dati personali mi sta particolarmente a cuore. Le seguenti informazioni forniscono una semplice panoramica di ci\u00f2 che accade ai suoi dati personali quando visita questo sito web. I dati personali sono tutti i dati con i quali una persona pu\u00f2 essere identificata.\u00a0<\/p>\t\t\t\t\t\t<\/div>\n\t\t\t\t<\/div>\n\t\t\t\t<div class=\"elementor-element elementor-element-2148a1ae elementor-widget elementor-widget-text-editor\" data-id=\"2148a1ae\" data-element_type=\"widget\" data-widget_type=\"text-editor.default\">\n\t\t\t\t<div class=\"elementor-widget-container\">\n\t\t\t\t\t\t\t<p class=\"p1\"><strong>Chi \u00e8 responsabile della raccolta e del trattamento dei dati su questo sito?<br \/><\/strong>Il trattamento dei dati su questo sito web \u00e8 effettuato dall\u2019operatrice del sito web. I dati di contatto dell\u2019operatrice del sito web si trovano nella sezione \u00abNota sull\u2019organismo responsabile\u00bb di questa dichiarazione sulla protezione dei dati.<\/p><p>\u00a0<\/p><p class=\"p1\"><strong>In che modo il sito web raccoglie i suoi dati?<\/strong><\/p><p class=\"p1\">I suoi dati sono raccolti da un lato dal fatto che me li comunicate. Questo pu\u00f2 essere, per esempio, contattandomi via e-mail. Altri dati sono raccolti automaticamente o dopo il suo consenso quando visita il sito web dai nostri sistemi informatici. Si tratta principalmente di dati tecnici (per esempio il browser internet, il sistema operativo o il tempo di visualizzazione della pagina). Questi dati vengono raccolti automaticamente non appena si entra in questo sito web.<\/p><p>\u00a0<\/p><p class=\"p1\"><strong>Per cosa uso i suoi dati?<\/strong><\/p><p class=\"p1\">Una parte dei dati viene raccolta per garantire la fornitura impeccabile del sito web. Altri dati possono essere utilizzati per analizzare il comportamento degli utenti.<\/p><p>\u00a0<\/p><p class=\"p1\"><strong>Quali diritti ha riguardo ai suoi dati?<\/strong><\/p><p class=\"p1\">In qualsiasi momento ha il diritto di ricevere informazioni sull\u2019origine, il destinatario e lo scopo dei suoi dati personali memorizzati a titolo gratuito. Ha anche il diritto di chiedere la correzione o la cancellazione di questi dati. Se ha dato il suo consenso al trattamento dei dati, pu\u00f2 revocarlo in qualsiasi momento. Ha anche il diritto di richiedere la limitazione del trattamento dei suoi dati personali in determinate circostanze. A questo scopo, cos\u00ec come per ulteriori domande sul tema della protezione dei dati, pu\u00f2 contattarmi in qualsiasi momento.<\/p>\t\t\t\t\t\t<\/div>\n\t\t\t\t<\/div>\n\t\t\t\t<div class=\"elementor-element elementor-element-7925c2d2 elementor-widget elementor-widget-text-editor\" data-id=\"7925c2d2\" data-element_type=\"widget\" data-widget_type=\"text-editor.default\">\n\t\t\t\t<div class=\"elementor-widget-container\">\n\t\t\t\t\t\t\t<p>2. INFORMAZIONI GENERALI<\/p>\t\t\t\t\t\t<\/div>\n\t\t\t\t<\/div>\n\t\t\t\t<div class=\"elementor-element elementor-element-16f1cd17 elementor-widget elementor-widget-text-editor\" data-id=\"16f1cd17\" data-element_type=\"widget\" data-widget_type=\"text-editor.default\">\n\t\t\t\t<div class=\"elementor-widget-container\">\n\t\t\t\t\t\t\t<p class=\"p1\"><strong>Protezione dei dati<\/strong><\/p><p class=\"p1\">Prendo molto sul serio la protezione dei suoi dati personali. Tratto i suoi dati personali in modo confidenziale e in conformit\u00e0 con le norme di legge UE sulla protezione dei dati e questa privacy policy. Questa privacy policy spiega quali dati vengono raccolti e per cosa vengono utilizzati. Spiega anche come e per quale scopo questo accade. Vorrei sottolineare che la trasmissione di dati su Internet (ad esempio quando si comunica via e-mail) pu\u00f2 avere delle lacune di sicurezza. Una protezione completa dei dati contro l\u2019accesso di terzi non \u00e8 possibile.<\/p><p>\u00a0<\/p><p class=\"p1\"><strong>Nota sull'organismo responsabile<\/strong><\/p><p class=\"p2\">Il responsabile del trattamento dei dati per questo sito web \u00e8:<\/p><p>\u00a0<\/p><p class=\"p2\">Daria Habicher<br \/>Via Martin Teimer 6A<br \/>39028 Silandro (BZ, Italia)<br \/>E-Mail: info@dariahabicher.com<\/p><p>\u00a0<\/p><p class=\"p2\">Il responsabile del trattamento \u00e8 la persona fisica o giuridica che, da sola o insieme ad altri, determina le finalit\u00e0 e i mezzi del trattamento dei dati personali (ad esempio nomi, indirizzi e-mail, ecc.).<\/p><p>\u00a0<\/p><p class=\"p1\"><strong>Periodo di conservazione dei dati<br \/><\/strong>A meno che non sia stato indicato un periodo di conservazione pi\u00f9 specifico all\u2019interno di questa privacy policy, i suoi dati personali rimarranno in mio possesso fino a quando lo scopo del trattamento dei dati non sar\u00e0 pi\u00f9 valido. Se fa valere una richiesta legittima di cancellazione o revoca il consenso al trattamento dei dati, i suoi dati saranno cancellati, a meno che non ho altri motivi legalmente ammissibili per conservare i suoi dati personali (ad esempio periodi di conservazione in base al diritto fiscale o commerciale); in quest\u2019ultimo caso, i dati saranno cancellati quando questi motivi non saranno pi\u00f9 applicabili.<\/p><p>\u00a0<\/p><p class=\"p1\"><strong>Revoca del suo consenso al trattamento dei dati<\/strong><\/p><p class=\"p2\">Molte operazioni di trattamento dei dati sono possibili solo con il suo consenso espresso. Puoi revocare un consenso gi\u00e0 dato in qualsiasi momento.<\/p><p>\u00a0<\/p><p class=\"p1\"><strong>Crittografia SSL o TLS<\/strong><\/p><p class=\"p2\">Per ragioni di sicurezza e per proteggere la trasmissione di contenuti confidenziali, come le richieste che mi invia come operatrice del sito, questo sito utilizza la crittografia SSL o TLS. Pu\u00f2 riconoscere una connessione criptata dal fatto che la linea dell\u2019indirizzo del browser cambia da \u00abhttp:\/\/\u00bb a \u00abhttps:\/\/\u00bb e dal simbolo del lucchetto nella linea del browser. Se la crittografia SSL o TLS \u00e8 attivata, i dati che mi trasmette non possono essere letti da terzi.<\/p><p>\u00a0<\/p><p class=\"p1\"><strong>Informazioni, cancellazione e correzione<\/strong><\/p><p class=\"p2\">Nell\u2019ambito delle disposizioni legali applicabili, ha il diritto di avere informazioni gratuite sui suoi dati personali memorizzati, la loro origine e il destinatario e lo scopo del trattamento dei dati e, se necessario, un diritto di correzione o cancellazione di questi dati in qualsiasi momento. Per queste o altre domande sul tema dei dati personali, pu\u00f2 contattarmi in qualsiasi momento.<\/p><p>\u00a0<\/p><p class=\"p1\"><strong>Diritto di limitare il trattamento<\/strong><\/p><p class=\"p2\">Ha il diritto di richiedere la limitazione del trattamento dei suoi dati personali. A tal fine, pu\u00f2 contattarmi in qualsiasi momento.\u00a0<\/p>\t\t\t\t\t\t<\/div>\n\t\t\t\t<\/div>\n\t\t\t\t<div class=\"elementor-element elementor-element-4ac79b4c elementor-widget elementor-widget-text-editor\" data-id=\"4ac79b4c\" data-element_type=\"widget\" data-widget_type=\"text-editor.default\">\n\t\t\t\t<div class=\"elementor-widget-container\">\n\t\t\t\t\t\t\t<p>3. raccolta di dati su QUESTO sito web<\/p>\t\t\t\t\t\t<\/div>\n\t\t\t\t<\/div>\n\t\t\t\t<div class=\"elementor-element elementor-element-2c892f6a elementor-widget elementor-widget-text-editor\" data-id=\"2c892f6a\" data-element_type=\"widget\" data-widget_type=\"text-editor.default\">\n\t\t\t\t<div class=\"elementor-widget-container\">\n\t\t\t\t\t\t\t<p class=\"p1\"><strong>Cookies<\/strong><\/p><p class=\"p2\">Il mio sito web utilizza i cosiddetti \u00abcookies\u00bb. I cookie sono piccoli file di testo. Sono memorizzati temporaneamente per la durata di una sessione (cookie di sessione) o permanentemente (cookie permanenti) sul suo dispositivo finale. I cookie di sessione vengono cancellati automaticamente alla fine della visita. I cookie permanenti rimangono memorizzati sul suo terminale finch\u00e9 non li cancella Lei stesso o finch\u00e9 non vengono cancellati automaticamente dal suo browser web. In alcuni casi, i cookie di societ\u00e0 terze possono anche essere memorizzati sul suo dispositivo terminale quando entra nel mio sito (cookie di terze parti). Questi permettono a me o a Lei di utilizzare alcuni servizi della societ\u00e0 terza.<\/p><p>\u00a0<\/p><p class=\"p2\">I cookie hanno varie funzioni. Molti cookie sono tecnicamente necessari, poich\u00e9 alcune funzioni del sito non funzionerebbero senza di essi. Altri cookie sono utilizzati per valutare il comportamento dell\u2019utente. I cookie che sono necessari per eseguire il processo di comunicazione elettronica (cookie necessari) o per fornire determinate funzioni che avete richiesto (cookie funzionali) o per ottimizzare il sito web vengono memorizzati sulla base dell'art. 6 (1) lit. f GDPR, a meno che non sia specificata un'altra base giuridica. L\u2019operatrice del sito web ha un interesse legittimo a memorizzare i cookie per la fornitura tecnicamente impeccabile e ottimizzata dei suoi servizi. Nella misura in cui \u00e8 stato richiesto il consenso alla memorizzazione dei cookie, la memorizzazione dei cookie in questione si basa esclusivamente su tale consenso (art. 6 comma 1 lit. a GDPR); il consenso pu\u00f2 essere revocato in qualsiasi momento.<\/p><p>\u00a0<\/p><p class=\"p2\">Pu\u00f2 impostare il suo browser in modo da essere informati sull\u2019impostazione dei cookie e consentire i cookie solo in casi individuali, escludere l\u2019accettazione dei cookie per alcuni casi o in generale e attivare la cancellazione automatica dei cookie alla chiusura del browser. Se si disattivano i cookie, la funzionalit\u00e0 di questo sito web pu\u00f2 essere limitata. Su come i cookie vengono utilizzati da aziende terze o a scopo di analisi, La informeremo separatamente in merito nel quadro della presente dichiarazione sulla protezione dei dati e, se necessario, richiederemo il vostro consenso.<\/p><p>\u00a0<\/p><p class=\"p1\"><strong>Richieste via e-mail<\/strong><\/p><p class=\"p2\">Se mi contatta per e-mail, la sua richiesta, compresi tutti i dati personali risultanti (nome, richiesta), sar\u00e0 memorizzata ed elaborata da me allo scopo di rispondere alla sua richiesta. Non trasmetto questi dati senza il suo consenso.<\/p><p>\u00a0<\/p><p class=\"p2\">Il trattamento di questi dati si basa sull\u2019art. 6 (1) lit. b GDPR se la sua richiesta \u00e8 legata all\u2019esecuzione di un contratto o \u00e8 necessaria per l\u2019attuazione di misure precontrattuali. In tutti gli altri casi, il trattamento si basa sul mio legittimo interesse all\u2019elaborazione efficace delle richieste a me rivolte (art. 6 (1) (f) GDPR) o sul suo consenso (art. 6 (1) (a) GDPR) se questo \u00e8 stato richiesto.<\/p><p>\u00a0<\/p><p class=\"p2\">I dati che mi invia attraverso la richiesta di contatto rimarranno con me fino a quando non mi chieder\u00e0 di cancellarli, revocare il vostro consenso a memorizzarli o lo scopo per la memorizzazione dei dati non sar\u00e0 pi\u00f9 valido (ad esempio, dopo che l'elaborazione della sua richiesta \u00e8 stata completata). Le disposizioni legali obbligatorie \u2013 in particolare i periodi di conservazione legale \u2013 rimangono inalterate.<\/p>\t\t\t\t\t\t<\/div>\n\t\t\t\t<\/div>\n\t\t\t\t\t<\/div>\n\t\t<\/div>\n\t\t\t\t\t\t\t<\/div>\n\t\t<\/section>\n\t\t\t\t\t<\/div>\n\t\t<\/div>\n\t\t\t\t\t\t\t<\/div>\n\t\t<\/section>\n\t\t\t\t\t\t\t<\/div>","protected":false},"excerpt":{"rendered":"<p>DATENSCHUTZERKL\u00c4RUNG 1. DATENSCHUTZ AUF EINEM BLICK Der Schutz Ihrer pers\u00f6nlichen Daten ist mir ein besonderes Anliegen. Die folgenden Hinweise geben einen einfachen \u00dcberblick daru\u0308ber, was mit Ihren personenbezogenen Daten passiert, wenn Sie diese Website besuchen. Personenbezogene Daten sind alle Daten, mit denen Sie pers\u00f6nlich identifiziert werden k\u00f6nnen.\u00a0 Wer ist verantwortlich fu\u0308r die Datenerfassung und Datenverarbeitung [&hellip;]<\/p>","protected":false},"author":1,"featured_media":0,"parent":0,"menu_order":0,"comment_status":"closed","ping_status":"closed","template":"","meta":{"footnotes":""},"class_list":["post-1762","page","type-page","status-publish","hentry"],"aioseo_notices":[],"_links":{"self":[{"href":"https:\/\/dariahabicher.com\/it\/wp-json\/wp\/v2\/pages\/1762","targetHints":{"allow":["GET"]}}],"collection":[{"href":"https:\/\/dariahabicher.com\/it\/wp-json\/wp\/v2\/pages"}],"about":[{"href":"https:\/\/dariahabicher.com\/it\/wp-json\/wp\/v2\/types\/page"}],"author":[{"embeddable":true,"href":"https:\/\/dariahabicher.com\/it\/wp-json\/wp\/v2\/users\/1"}],"replies":[{"embeddable":true,"href":"https:\/\/dariahabicher.com\/it\/wp-json\/wp\/v2\/comments?post=1762"}],"version-history":[{"count":112,"href":"https:\/\/dariahabicher.com\/it\/wp-json\/wp\/v2\/pages\/1762\/revisions"}],"predecessor-version":[{"id":2037,"href":"https:\/\/dariahabicher.com\/it\/wp-json\/wp\/v2\/pages\/1762\/revisions\/2037"}],"wp:attachment":[{"href":"https:\/\/dariahabicher.com\/it\/wp-json\/wp\/v2\/media?parent=1762"}],"curies":[{"name":"wp","href":"https:\/\/api.w.org\/{rel}","templated":true}]}}